{"id":487,"date":"2022-02-03T09:31:08","date_gmt":"2022-02-03T09:31:08","guid":{"rendered":"http:\/\/bitacoras.ceipdeolveira.org\/cursoradio\/?page_id=487"},"modified":"2022-02-03T09:31:08","modified_gmt":"2022-02-03T09:31:08","slug":"behringer-x1204usb","status":"publish","type":"page","link":"http:\/\/bitacoras.ceipdeolveira.org\/cursoradio\/behringer-x1204usb\/","title":{"rendered":"<center>BEHRINGER X1204USB<\/center>"},"content":{"rendered":"\n<p>Moitos dos centros que comezan con isto da radio escolar te\u00f1en, como parte do seu equipo, unha mesa de misturas anal\u00f3xica que fai \u00e1 vez de interface (ou tarxerta) de son. As m\u00e1is utilizadas son esta serie de mesas da marca Behringer pola s\u00faa relaci\u00f3n calidade\/prezo e a s\u00faa facilidade de manexo.<\/p>\n\n\n\n<p>Aqu\u00ed vos deixamos uns pequenos videotitoriais de como son as conexi\u00f3ns deste tipo de mesas, e a configuraci\u00f3n necesaria para a utilizaci\u00f3n conxunta de Audacity (como gravadora) e VLC ou MIXXX (como reprodutores de m\u00fasica) xunto coa mesa BEHRINGER XENYX X1204USB (exetensible para toda esta serie de mesas).<\/p>\n\n\n\n<p class=\"has-text-align-center\"><strong>BEHERINGER X1204USB | CONEXI\u00d3NS<\/strong><\/p>\n\n\n\n<iframe loading=\"lazy\" width=\"560\" height=\"315\" src=\"https:\/\/www.youtube.com\/embed\/ENNzbiTtHig\" title=\"YouTube video player\" frameborder=\"0\" allow=\"accelerometer; autoplay; clipboard-write; encrypted-media; gyroscope; picture-in-picture\" allowfullscreen><\/iframe>\n\n\n\n<p class=\"has-text-align-center\"><strong>BEHERINGER X1204USB | CONFIGURACI\u00d3N (Audacitu+VLC\/Mixxx)<\/strong><\/p>\n\n\n\n<iframe loading=\"lazy\" width=\"560\" height=\"315\" src=\"https:\/\/www.youtube.com\/embed\/KhjJJvN3pmY\" title=\"YouTube video player\" frameborder=\"0\" allow=\"accelerometer; autoplay; clipboard-write; encrypted-media; gyroscope; picture-in-picture\" allowfullscreen><\/iframe>\n","protected":false},"excerpt":{"rendered":"<p>Moitos dos centros que comezan con isto da radio escolar te\u00f1en, como parte do seu equipo, unha mesa de misturas anal\u00f3xica que fai \u00e1 vez de interface (ou tarxerta) de son. As m\u00e1is utilizadas son esta serie de mesas da &hellip; <a href=\"http:\/\/bitacoras.ceipdeolveira.org\/cursoradio\/behringer-x1204usb\/\">Sigue lendo <span class=\"meta-nav\">&rarr;<\/span><\/a><\/p>\n","protected":false},"author":18,"featured_media":0,"parent":0,"menu_order":0,"comment_status":"closed","ping_status":"closed","template":"","meta":{"footnotes":""},"class_list":["post-487","page","type-page","status-publish","hentry"],"_links":{"self":[{"href":"http:\/\/bitacoras.ceipdeolveira.org\/cursoradio\/wp-json\/wp\/v2\/pages\/487","targetHints":{"allow":["GET"]}}],"collection":[{"href":"http:\/\/bitacoras.ceipdeolveira.org\/cursoradio\/wp-json\/wp\/v2\/pages"}],"about":[{"href":"http:\/\/bitacoras.ceipdeolveira.org\/cursoradio\/wp-json\/wp\/v2\/types\/page"}],"author":[{"embeddable":true,"href":"http:\/\/bitacoras.ceipdeolveira.org\/cursoradio\/wp-json\/wp\/v2\/users\/18"}],"replies":[{"embeddable":true,"href":"http:\/\/bitacoras.ceipdeolveira.org\/cursoradio\/wp-json\/wp\/v2\/comments?post=487"}],"version-history":[{"count":1,"href":"http:\/\/bitacoras.ceipdeolveira.org\/cursoradio\/wp-json\/wp\/v2\/pages\/487\/revisions"}],"predecessor-version":[{"id":488,"href":"http:\/\/bitacoras.ceipdeolveira.org\/cursoradio\/wp-json\/wp\/v2\/pages\/487\/revisions\/488"}],"wp:attachment":[{"href":"http:\/\/bitacoras.ceipdeolveira.org\/cursoradio\/wp-json\/wp\/v2\/media?parent=487"}],"curies":[{"name":"wp","href":"https:\/\/api.w.org\/{rel}","templated":true}]}}