{"id":568,"date":"2022-02-17T09:46:10","date_gmt":"2022-02-17T09:46:10","guid":{"rendered":"https:\/\/bitacoras.ceipdeolveira.org\/cursoradio\/?page_id=568"},"modified":"2022-02-17T09:49:58","modified_gmt":"2022-02-17T09:49:58","slug":"terceira-etapa","status":"publish","type":"page","link":"https:\/\/bitacoras.ceipdeolveira.org\/cursoradio\/terceira-etapa\/","title":{"rendered":"<center>TERCEIRA ETAPA<\/center>"},"content":{"rendered":"\n<p><strong>Gravaci\u00f3n de Podcast en directo (sen postproduci\u00f3n)<\/strong><\/p>\n\n\n\n<p>Nesta terceira etapa, grazas \u00e1 experiencia e \u00e1s aprendizaxes adquiridas na etapa anterior, xa podemos pensar en facer gravaci\u00f3ns de programas en directo, \u00e9 dicir, sen necesidade de edici\u00f3n nin rectificaci\u00f3ns posteriores.<\/p>\n\n\n\n<p>Esta etapa esixe unha maior preparaci\u00f3n previa de cada programa. Os gui\u00f3ns simples pasan a converterse en \u2018escaletas\u2019 nas que, ademais do texto a narrar, deben aparecer outro tipo de datos como: os tempos, as canci\u00f3ns, efectos de son,\u2026<\/p>\n\n\n\n<p>Asemade, os locutores\/as, deben preparar ben os textos e estar acostumados a falar en voz alta, con boa dicci\u00f3n, expresividade, tranquilidade,\u2026<\/p>\n\n\n\n<p>Os que ocupen o posto de t\u00e9cnicos\/as te\u00f1en que ter un bo manexo das ferramentas tanto f\u00edsicas (micr\u00f3fonos, mesa, tarxetas de son,\u2026) como do software (programas inform\u00e1ticos de rexistro ou mistura do son).<\/p>\n\n\n\n<p>A necesidade de recursos tam\u00e9n se incrementa xa que nesta etapa precisaremos dun lugar cunha preparaci\u00f3n ac\u00fastica m\u00ednima para que o rexistro de todo o acontecido nos programas que gravemos sexa o m\u00e1is limpo posible (sen ru\u00eddos externos, ecos ou reverberaci\u00f3ns,\u2026)<\/p>\n","protected":false},"excerpt":{"rendered":"<p>Gravaci\u00f3n de Podcast en directo (sen postproduci\u00f3n) Nesta terceira etapa, grazas \u00e1 experiencia e \u00e1s aprendizaxes adquiridas na etapa anterior, xa podemos pensar en facer gravaci\u00f3ns de programas en directo, \u00e9 dicir, sen necesidade de edici\u00f3n nin rectificaci\u00f3ns posteriores. Esta &hellip; <a href=\"https:\/\/bitacoras.ceipdeolveira.org\/cursoradio\/terceira-etapa\/\">Sigue lendo <span class=\"meta-nav\">&rarr;<\/span><\/a><\/p>\n","protected":false},"author":18,"featured_media":0,"parent":0,"menu_order":0,"comment_status":"closed","ping_status":"closed","template":"","meta":{"footnotes":""},"class_list":["post-568","page","type-page","status-publish","hentry"],"_links":{"self":[{"href":"https:\/\/bitacoras.ceipdeolveira.org\/cursoradio\/wp-json\/wp\/v2\/pages\/568","targetHints":{"allow":["GET"]}}],"collection":[{"href":"https:\/\/bitacoras.ceipdeolveira.org\/cursoradio\/wp-json\/wp\/v2\/pages"}],"about":[{"href":"https:\/\/bitacoras.ceipdeolveira.org\/cursoradio\/wp-json\/wp\/v2\/types\/page"}],"author":[{"embeddable":true,"href":"https:\/\/bitacoras.ceipdeolveira.org\/cursoradio\/wp-json\/wp\/v2\/users\/18"}],"replies":[{"embeddable":true,"href":"https:\/\/bitacoras.ceipdeolveira.org\/cursoradio\/wp-json\/wp\/v2\/comments?post=568"}],"version-history":[{"count":2,"href":"https:\/\/bitacoras.ceipdeolveira.org\/cursoradio\/wp-json\/wp\/v2\/pages\/568\/revisions"}],"predecessor-version":[{"id":576,"href":"https:\/\/bitacoras.ceipdeolveira.org\/cursoradio\/wp-json\/wp\/v2\/pages\/568\/revisions\/576"}],"wp:attachment":[{"href":"https:\/\/bitacoras.ceipdeolveira.org\/cursoradio\/wp-json\/wp\/v2\/media?parent=568"}],"curies":[{"name":"wp","href":"https:\/\/api.w.org\/{rel}","templated":true}]}}