{"id":2,"date":"2017-01-03T18:50:00","date_gmt":"2017-01-03T18:50:00","guid":{"rendered":"http:\/\/bitacoras.ceipdeolveira.org\/?page_id=2"},"modified":"2023-11-29T14:42:25","modified_gmt":"2023-11-29T13:42:25","slug":"pagina-ejemplo","status":"publish","type":"page","link":"https:\/\/bitacoras.ceipdeolveira.org\/","title":{"rendered":"Benvidos\/as \u00e1s bit\u00e1coras do CEIP de OLVEIRA"},"content":{"rendered":"<p>Velaqu\u00ed unha nova canle de comunicaci\u00f3n dirixida a todos os membros da comunidade educativa do CEIP de Olveira.<\/p>\n<p>Estas son algunhas das bit\u00e1coras polas que podedes navegar:<\/p>\n<ul>\n<li><strong><a href=\"https:\/\/bitacoras.ceipdeolveira.org\/radio\">Bit\u00e1cora da Radio<\/a><\/strong><\/li>\n<li><strong><a href=\"http:\/\/biblioceipdeolveira.blogspot.com\/\">Bit\u00e1cora da Biblioteca<\/a><\/strong><\/li>\n<li><strong><a href=\"https:\/\/bitacoras.ceipdeolveira.org\/edlg\">Bit\u00e1cora do Equipo de Dinamizaci\u00f3n da Lingua Galega<\/a><\/strong><\/li>\n<li><a href=\"https:\/\/bitacoras.ceipdeolveira.org\/voznatura\"><strong>Bit\u00e1cora de Voz Natura<\/strong><\/a><\/li>\n<\/ul>\n","protected":false},"excerpt":{"rendered":"<p>Velaqu\u00ed unha nova canle de comunicaci\u00f3n dirixida a todos os membros da comunidade educativa do CEIP de Olveira. Estas son algunhas das bit\u00e1coras polas que podedes navegar: Bit\u00e1cora da Radio Bit\u00e1cora da Biblioteca Bit\u00e1cora do Equipo de Dinamizaci\u00f3n da Lingua &hellip; <a href=\"https:\/\/bitacoras.ceipdeolveira.org\/\">Sigue lendo <span class=\"meta-nav\">&rarr;<\/span><\/a><\/p>\n","protected":false},"author":1,"featured_media":0,"parent":0,"menu_order":0,"comment_status":"closed","ping_status":"open","template":"","meta":{"footnotes":""},"class_list":["post-2","page","type-page","status-publish","hentry"],"_links":{"self":[{"href":"https:\/\/bitacoras.ceipdeolveira.org\/index.php?rest_route=\/wp\/v2\/pages\/2","targetHints":{"allow":["GET"]}}],"collection":[{"href":"https:\/\/bitacoras.ceipdeolveira.org\/index.php?rest_route=\/wp\/v2\/pages"}],"about":[{"href":"https:\/\/bitacoras.ceipdeolveira.org\/index.php?rest_route=\/wp\/v2\/types\/page"}],"author":[{"embeddable":true,"href":"https:\/\/bitacoras.ceipdeolveira.org\/index.php?rest_route=\/wp\/v2\/users\/1"}],"replies":[{"embeddable":true,"href":"https:\/\/bitacoras.ceipdeolveira.org\/index.php?rest_route=%2Fwp%2Fv2%2Fcomments&post=2"}],"version-history":[{"count":5,"href":"https:\/\/bitacoras.ceipdeolveira.org\/index.php?rest_route=\/wp\/v2\/pages\/2\/revisions"}],"predecessor-version":[{"id":109,"href":"https:\/\/bitacoras.ceipdeolveira.org\/index.php?rest_route=\/wp\/v2\/pages\/2\/revisions\/109"}],"wp:attachment":[{"href":"https:\/\/bitacoras.ceipdeolveira.org\/index.php?rest_route=%2Fwp%2Fv2%2Fmedia&parent=2"}],"curies":[{"name":"wp","href":"https:\/\/api.w.org\/{rel}","templated":true}]}}